{"id":1585,"date":"2021-12-06T17:58:09","date_gmt":"2021-12-06T14:58:09","guid":{"rendered":"https:\/\/kocyay.com\/tr\/?page_id=1585"},"modified":"2021-12-15T09:02:06","modified_gmt":"2021-12-15T06:02:06","slug":"iletisim","status":"publish","type":"page","link":"https:\/\/kocyay.com\/tr\/iletisim\/","title":{"rendered":"\u0130leti\u015fim"},"content":{"rendered":"<div class=\"iletisim-bilgileri\">\n<div class=\"bilgiler\">\n<h5>Ko\u00e7 Yay \u0130leti\u015fim Bilgileri<\/h5>\n<h5>Adres<\/h5>\n<p>\u00dcz\u00fcml\u00fc Mahallesi Alparslan T\u00fcrke\u015f<br \/>\nCaddesi No:67 Bey\u015fehir \/ Konya<\/p>\n<\/div>\n<\/div>\n<div class=\"iletisim-bilgileri\">\n<p>&nbsp;<\/p>\n<div class=\"bilgiler\">\n<h5>Telefon<\/h5>\n<p>Ofis: +90 (544) 737 64 40<\/p>\n<\/div>\n<\/div>\n<div class=\"iletisim-bilgileri iletisim-mail\">\n<p>&nbsp;<\/p>\n<div class=\"bilgiler\">\n<h5>E-Posta<\/h5>\n<p><a href=\"mailto:\">kocyay@gmail.com<\/a><br \/>\nihsan.kocyay@gmail.com<\/p>\n<p><img loading=\"lazy\" decoding=\"async\" class=\"alignnone size-medium wp-image-1601\" src=\"http:\/\/kocyay.com\/tr\/wp-content\/uploads\/2021\/12\/logo-300x240.jpg\" alt=\"\" width=\"300\" height=\"240\" srcset=\"https:\/\/kocyay.com\/tr\/wp-content\/uploads\/2021\/12\/logo-300x240.jpg 300w, https:\/\/kocyay.com\/tr\/wp-content\/uploads\/2021\/12\/logo-1024x819.jpg 1024w, https:\/\/kocyay.com\/tr\/wp-content\/uploads\/2021\/12\/logo-768x614.jpg 768w, https:\/\/kocyay.com\/tr\/wp-content\/uploads\/2021\/12\/logo-131x105.jpg 131w, https:\/\/kocyay.com\/tr\/wp-content\/uploads\/2021\/12\/logo.jpg 1280w\" sizes=\"auto, (max-width: 300px) 100vw, 300px\" \/><\/p>\n<p><a href=\"https:\/\/kocyay.com\/tr\/iletisim\/\">\u0130leti\u015fim<\/a><\/p>\n<\/div>\n<\/div>\n","protected":false},"excerpt":{"rendered":"<p>Ko\u00e7 Yay \u0130leti\u015fim Bilgileri Adres \u00dcz\u00fcml\u00fc Mahallesi Alparslan T\u00fcrke\u015f Caddesi No:67 Bey\u015fehir \/ Konya &nbsp; Telefon Ofis: +90 (544) 737 64 40 &nbsp; E-Posta kocyay@gmail.com ihsan.kocyay@gmail.com \u0130leti\u015fim<\/p>\n","protected":false},"author":1,"featured_media":0,"parent":0,"menu_order":0,"comment_status":"closed","ping_status":"closed","template":"","meta":{"_acf_changed":false,"footnotes":""},"class_list":["post-1585","page","type-page","status-publish","hentry"],"acf":[],"yoast_head":"<!-- This site is optimized with the Yoast SEO plugin v27.1.1 - https:\/\/yoast.com\/product\/yoast-seo-wordpress\/ -->\n<title>Ko\u00e7 Yay - \u0130leti\u015fim Bilgileri<\/title>\n<meta name=\"description\" content=\"Ko\u00e7 Yay \u0130leti\u015fim Bilgileri: Adres: \u00dcz\u00fcml\u00fc Mahallesi Alparslan T\u00fcrke\u015f Caddesi No:67 Bey\u015fehir \/ Konya Telefon:+90 (544) 737 64 40\" \/>\n<meta name=\"robots\" content=\"index, follow, max-snippet:-1, max-image-preview:large, max-video-preview:-1\" \/>\n<link rel=\"canonical\" href=\"https:\/\/kocyay.com\/tr\/iletisim\/\" \/>\n<meta property=\"og:locale\" content=\"tr_TR\" \/>\n<meta property=\"og:type\" content=\"article\" \/>\n<meta property=\"og:title\" content=\"Ko\u00e7 Yay - \u0130leti\u015fim Bilgileri\" \/>\n<meta property=\"og:description\" content=\"Ko\u00e7 Yay \u0130leti\u015fim Bilgileri: Adres: \u00dcz\u00fcml\u00fc Mahallesi Alparslan T\u00fcrke\u015f Caddesi No:67 Bey\u015fehir \/ Konya Telefon:+90 (544) 737 64 40\" \/>\n<meta property=\"og:url\" content=\"https:\/\/kocyay.com\/tr\/iletisim\/\" \/>\n<meta property=\"og:site_name\" content=\"Ko\u00e7 Yay\" \/>\n<meta property=\"article:publisher\" content=\"https:\/\/www.facebook.com\/KOCYAY42\/\" \/>\n<meta property=\"article:modified_time\" content=\"2021-12-15T06:02:06+00:00\" \/>\n<meta property=\"og:image\" content=\"http:\/\/kocyay.com\/tr\/wp-content\/uploads\/2021\/12\/logo-300x240.jpg\" \/>\n<meta name=\"twitter:card\" content=\"summary_large_image\" \/>\n<meta name=\"twitter:label1\" content=\"Tahmini okuma s\u00fcresi\" \/>\n\t<meta name=\"twitter:data1\" content=\"1 dakika\" \/>\n<script type=\"application\/ld+json\" class=\"yoast-schema-graph\">{\"@context\":\"https:\/\/schema.org\",\"@graph\":[{\"@type\":\"WebPage\",\"@id\":\"https:\/\/kocyay.com\/tr\/iletisim\/\",\"url\":\"https:\/\/kocyay.com\/tr\/iletisim\/\",\"name\":\"Ko\u00e7 Yay - \u0130leti\u015fim Bilgileri\",\"isPartOf\":{\"@id\":\"https:\/\/kocyay.com\/tr\/#website\"},\"primaryImageOfPage\":{\"@id\":\"https:\/\/kocyay.com\/tr\/iletisim\/#primaryimage\"},\"image\":{\"@id\":\"https:\/\/kocyay.com\/tr\/iletisim\/#primaryimage\"},\"thumbnailUrl\":\"http:\/\/kocyay.com\/tr\/wp-content\/uploads\/2021\/12\/logo-300x240.jpg\",\"datePublished\":\"2021-12-06T14:58:09+00:00\",\"dateModified\":\"2021-12-15T06:02:06+00:00\",\"description\":\"Ko\u00e7 Yay \u0130leti\u015fim Bilgileri: Adres: \u00dcz\u00fcml\u00fc Mahallesi Alparslan T\u00fcrke\u015f Caddesi No:67 Bey\u015fehir \/ Konya Telefon:+90 (544) 737 64 40\",\"breadcrumb\":{\"@id\":\"https:\/\/kocyay.com\/tr\/iletisim\/#breadcrumb\"},\"inLanguage\":\"tr\",\"potentialAction\":[{\"@type\":\"ReadAction\",\"target\":[\"https:\/\/kocyay.com\/tr\/iletisim\/\"]}]},{\"@type\":\"ImageObject\",\"inLanguage\":\"tr\",\"@id\":\"https:\/\/kocyay.com\/tr\/iletisim\/#primaryimage\",\"url\":\"http:\/\/kocyay.com\/tr\/wp-content\/uploads\/2021\/12\/logo-300x240.jpg\",\"contentUrl\":\"http:\/\/kocyay.com\/tr\/wp-content\/uploads\/2021\/12\/logo-300x240.jpg\"},{\"@type\":\"BreadcrumbList\",\"@id\":\"https:\/\/kocyay.com\/tr\/iletisim\/#breadcrumb\",\"itemListElement\":[{\"@type\":\"ListItem\",\"position\":1,\"name\":\"Anasayfa\",\"item\":\"https:\/\/kocyay.com\/tr\/\"},{\"@type\":\"ListItem\",\"position\":2,\"name\":\"\u0130leti\u015fim\"}]},{\"@type\":\"WebSite\",\"@id\":\"https:\/\/kocyay.com\/tr\/#website\",\"url\":\"https:\/\/kocyay.com\/tr\/\",\"name\":\"Ko\u00e7 Yay\",\"description\":\"Yaya Dair Her \u015eey\",\"publisher\":{\"@id\":\"https:\/\/kocyay.com\/tr\/#organization\"},\"potentialAction\":[{\"@type\":\"SearchAction\",\"target\":{\"@type\":\"EntryPoint\",\"urlTemplate\":\"https:\/\/kocyay.com\/tr\/?s={search_term_string}\"},\"query-input\":{\"@type\":\"PropertyValueSpecification\",\"valueRequired\":true,\"valueName\":\"search_term_string\"}}],\"inLanguage\":\"tr\"},{\"@type\":\"Organization\",\"@id\":\"https:\/\/kocyay.com\/tr\/#organization\",\"name\":\"Ko\u00e7 Yay\",\"url\":\"https:\/\/kocyay.com\/tr\/\",\"logo\":{\"@type\":\"ImageObject\",\"inLanguage\":\"tr\",\"@id\":\"https:\/\/kocyay.com\/tr\/#\/schema\/logo\/image\/\",\"url\":\"https:\/\/kocyay.com\/tr\/wp-content\/uploads\/2021\/12\/logo.jpg\",\"contentUrl\":\"https:\/\/kocyay.com\/tr\/wp-content\/uploads\/2021\/12\/logo.jpg\",\"width\":1280,\"height\":1024,\"caption\":\"Ko\u00e7 Yay\"},\"image\":{\"@id\":\"https:\/\/kocyay.com\/tr\/#\/schema\/logo\/image\/\"},\"sameAs\":[\"https:\/\/www.facebook.com\/KOCYAY42\/\"]}]}<\/script>\n<!-- \/ Yoast SEO plugin. -->","yoast_head_json":{"title":"Ko\u00e7 Yay - \u0130leti\u015fim Bilgileri","description":"Ko\u00e7 Yay \u0130leti\u015fim Bilgileri: Adres: \u00dcz\u00fcml\u00fc Mahallesi Alparslan T\u00fcrke\u015f Caddesi No:67 Bey\u015fehir \/ Konya Telefon:+90 (544) 737 64 40","robots":{"index":"index","follow":"follow","max-snippet":"max-snippet:-1","max-image-preview":"max-image-preview:large","max-video-preview":"max-video-preview:-1"},"canonical":"https:\/\/kocyay.com\/tr\/iletisim\/","og_locale":"tr_TR","og_type":"article","og_title":"Ko\u00e7 Yay - \u0130leti\u015fim Bilgileri","og_description":"Ko\u00e7 Yay \u0130leti\u015fim Bilgileri: Adres: \u00dcz\u00fcml\u00fc Mahallesi Alparslan T\u00fcrke\u015f Caddesi No:67 Bey\u015fehir \/ Konya Telefon:+90 (544) 737 64 40","og_url":"https:\/\/kocyay.com\/tr\/iletisim\/","og_site_name":"Ko\u00e7 Yay","article_publisher":"https:\/\/www.facebook.com\/KOCYAY42\/","article_modified_time":"2021-12-15T06:02:06+00:00","og_image":[{"url":"http:\/\/kocyay.com\/tr\/wp-content\/uploads\/2021\/12\/logo-300x240.jpg","type":"","width":"","height":""}],"twitter_card":"summary_large_image","twitter_misc":{"Tahmini okuma s\u00fcresi":"1 dakika"},"schema":{"@context":"https:\/\/schema.org","@graph":[{"@type":"WebPage","@id":"https:\/\/kocyay.com\/tr\/iletisim\/","url":"https:\/\/kocyay.com\/tr\/iletisim\/","name":"Ko\u00e7 Yay - \u0130leti\u015fim Bilgileri","isPartOf":{"@id":"https:\/\/kocyay.com\/tr\/#website"},"primaryImageOfPage":{"@id":"https:\/\/kocyay.com\/tr\/iletisim\/#primaryimage"},"image":{"@id":"https:\/\/kocyay.com\/tr\/iletisim\/#primaryimage"},"thumbnailUrl":"http:\/\/kocyay.com\/tr\/wp-content\/uploads\/2021\/12\/logo-300x240.jpg","datePublished":"2021-12-06T14:58:09+00:00","dateModified":"2021-12-15T06:02:06+00:00","description":"Ko\u00e7 Yay \u0130leti\u015fim Bilgileri: Adres: \u00dcz\u00fcml\u00fc Mahallesi Alparslan T\u00fcrke\u015f Caddesi No:67 Bey\u015fehir \/ Konya Telefon:+90 (544) 737 64 40","breadcrumb":{"@id":"https:\/\/kocyay.com\/tr\/iletisim\/#breadcrumb"},"inLanguage":"tr","potentialAction":[{"@type":"ReadAction","target":["https:\/\/kocyay.com\/tr\/iletisim\/"]}]},{"@type":"ImageObject","inLanguage":"tr","@id":"https:\/\/kocyay.com\/tr\/iletisim\/#primaryimage","url":"http:\/\/kocyay.com\/tr\/wp-content\/uploads\/2021\/12\/logo-300x240.jpg","contentUrl":"http:\/\/kocyay.com\/tr\/wp-content\/uploads\/2021\/12\/logo-300x240.jpg"},{"@type":"BreadcrumbList","@id":"https:\/\/kocyay.com\/tr\/iletisim\/#breadcrumb","itemListElement":[{"@type":"ListItem","position":1,"name":"Anasayfa","item":"https:\/\/kocyay.com\/tr\/"},{"@type":"ListItem","position":2,"name":"\u0130leti\u015fim"}]},{"@type":"WebSite","@id":"https:\/\/kocyay.com\/tr\/#website","url":"https:\/\/kocyay.com\/tr\/","name":"Ko\u00e7 Yay","description":"Yaya Dair Her \u015eey","publisher":{"@id":"https:\/\/kocyay.com\/tr\/#organization"},"potentialAction":[{"@type":"SearchAction","target":{"@type":"EntryPoint","urlTemplate":"https:\/\/kocyay.com\/tr\/?s={search_term_string}"},"query-input":{"@type":"PropertyValueSpecification","valueRequired":true,"valueName":"search_term_string"}}],"inLanguage":"tr"},{"@type":"Organization","@id":"https:\/\/kocyay.com\/tr\/#organization","name":"Ko\u00e7 Yay","url":"https:\/\/kocyay.com\/tr\/","logo":{"@type":"ImageObject","inLanguage":"tr","@id":"https:\/\/kocyay.com\/tr\/#\/schema\/logo\/image\/","url":"https:\/\/kocyay.com\/tr\/wp-content\/uploads\/2021\/12\/logo.jpg","contentUrl":"https:\/\/kocyay.com\/tr\/wp-content\/uploads\/2021\/12\/logo.jpg","width":1280,"height":1024,"caption":"Ko\u00e7 Yay"},"image":{"@id":"https:\/\/kocyay.com\/tr\/#\/schema\/logo\/image\/"},"sameAs":["https:\/\/www.facebook.com\/KOCYAY42\/"]}]}},"_links":{"self":[{"href":"https:\/\/kocyay.com\/tr\/wp-json\/wp\/v2\/pages\/1585","targetHints":{"allow":["GET"]}}],"collection":[{"href":"https:\/\/kocyay.com\/tr\/wp-json\/wp\/v2\/pages"}],"about":[{"href":"https:\/\/kocyay.com\/tr\/wp-json\/wp\/v2\/types\/page"}],"author":[{"embeddable":true,"href":"https:\/\/kocyay.com\/tr\/wp-json\/wp\/v2\/users\/1"}],"replies":[{"embeddable":true,"href":"https:\/\/kocyay.com\/tr\/wp-json\/wp\/v2\/comments?post=1585"}],"version-history":[{"count":4,"href":"https:\/\/kocyay.com\/tr\/wp-json\/wp\/v2\/pages\/1585\/revisions"}],"predecessor-version":[{"id":1610,"href":"https:\/\/kocyay.com\/tr\/wp-json\/wp\/v2\/pages\/1585\/revisions\/1610"}],"wp:attachment":[{"href":"https:\/\/kocyay.com\/tr\/wp-json\/wp\/v2\/media?parent=1585"}],"curies":[{"name":"wp","href":"https:\/\/api.w.org\/{rel}","templated":true}]}}