{"id":1583,"date":"2021-12-06T17:58:00","date_gmt":"2021-12-06T14:58:00","guid":{"rendered":"https:\/\/kocyay.com\/tr\/?page_id=1583"},"modified":"2021-12-15T09:01:33","modified_gmt":"2021-12-15T06:01:33","slug":"kurumsal","status":"publish","type":"page","link":"https:\/\/kocyay.com\/tr\/kurumsal\/","title":{"rendered":"Kurumsal"},"content":{"rendered":"<div class=\"kapsar kurumsal\">\n<div class=\"kurumsal-icerik\">\n<div class=\"yazilar-kapsar\">\n<h1>Ko\u00e7 Yay Hakk\u0131m\u0131zda Kurumsal<\/h1>\n<h2>B\u0130Z K\u0130M\u0130Z<\/h2>\n<p><span class=\"yazi\">Ko\u00e7 Yay Hakk\u0131m\u0131zda Kurumsal: Ko\u00e7 Yay, 2012 y\u0131l\u0131nda Konya Bey\u015fehir \u00dcz\u00fcml\u00fc de kurulmu\u015ftur. 2012 y\u0131l\u0131ndan 2020 y\u0131l\u0131na kadar 250 m\u00b2 alanda faaliyet g\u00f6stermektedir. Son teknoloji makine ve cihazlara s\u00fcrekli yat\u0131r\u0131m yaparak \u00fcretim kapasitesini artt\u0131rm\u0131\u015ft\u0131r. Ve firmam\u0131z \u00fcretim tesislerini 2000 m\u00b2 kapal\u0131 alana \u00e7\u0131karm\u0131\u015ft\u0131r.<\/span><\/p>\n<p>Ko\u00e7 Yay tesislerimizde, en son ileri teknoloji CNC tezg\u00e2hlar ile her t\u00fcrl\u00fc end\u00fcstriyel uygulamalar i\u00e7in 0,15mm\u2019den 6mm tel \u00e7ap\u0131na kadar, so\u011fuk sar\u0131ml\u0131 basma yaylar, \u00e7ekme ve kurma yaylar vb. yaylar olarak \u00fcretim yap\u0131lmaktad\u0131r.<\/p>\n<p>Ba\u015fta Av T\u00fcfe\u011fi olmak \u00fczere, makine ve ekipmanlar\u0131, savunma sanayileri ile beyaz e\u015fya, oyuncak sanayi ve daha bir\u00e7ok end\u00fcstriyel kurulu\u015fa yay \u00fcretimi yaparak hizmet vermekteyiz.<\/p>\n<p><img loading=\"lazy\" decoding=\"async\" class=\"alignnone size-medium wp-image-1557\" src=\"http:\/\/kocyay.com\/tr\/wp-content\/uploads\/2021\/12\/about-resim-300x200.jpg\" alt=\"\" width=\"300\" height=\"200\" srcset=\"https:\/\/kocyay.com\/tr\/wp-content\/uploads\/2021\/12\/about-resim-300x200.jpg 300w, https:\/\/kocyay.com\/tr\/wp-content\/uploads\/2021\/12\/about-resim-1024x683.jpg 1024w, https:\/\/kocyay.com\/tr\/wp-content\/uploads\/2021\/12\/about-resim-768x512.jpg 768w, https:\/\/kocyay.com\/tr\/wp-content\/uploads\/2021\/12\/about-resim-1536x1024.jpg 1536w, https:\/\/kocyay.com\/tr\/wp-content\/uploads\/2021\/12\/about-resim-158x105.jpg 158w, https:\/\/kocyay.com\/tr\/wp-content\/uploads\/2021\/12\/about-resim.jpg 1920w\" sizes=\"auto, (max-width: 300px) 100vw, 300px\" \/><\/p>\n<p><a href=\"https:\/\/kocyay.com\/tr\/kurumsal\/\">Kurumsal<\/a><\/p>\n<\/div>\n<\/div>\n<\/div>\n","protected":false},"excerpt":{"rendered":"<p>Ko\u00e7 Yay Hakk\u0131m\u0131zda Kurumsal B\u0130Z K\u0130M\u0130Z Ko\u00e7 Yay Hakk\u0131m\u0131zda Kurumsal: Ko\u00e7 Yay, 2012 y\u0131l\u0131nda Konya Bey\u015fehir \u00dcz\u00fcml\u00fc de kurulmu\u015ftur. 2012 y\u0131l\u0131ndan 2020 y\u0131l\u0131na kadar 250 m\u00b2 alanda faaliyet g\u00f6stermektedir. Son teknoloji makine ve cihazlara s\u00fcrekli yat\u0131r\u0131m yaparak \u00fcretim kapasitesini artt\u0131rm\u0131\u015ft\u0131r. Ve firmam\u0131z \u00fcretim tesislerini 2000 m\u00b2 kapal\u0131 alana \u00e7\u0131karm\u0131\u015ft\u0131r. Ko\u00e7 Yay tesislerimizde, en son ileri teknoloji CNC tezg\u00e2hlar ile her t\u00fcrl\u00fc end\u00fcstriyel uygulamalar i\u00e7in 0,15mm\u2019den 6mm tel \u00e7ap\u0131na kadar, so\u011fuk sar\u0131ml\u0131 basma yaylar, \u00e7ekme ve kurma yaylar vb. yaylar olarak \u00fcretim yap\u0131lmaktad\u0131r. Ba\u015fta Av T\u00fcfe\u011fi olmak \u00fczere, makine ve ekipmanlar\u0131, savunma sanayileri ile beyaz e\u015fya, oyuncak sanayi ve daha bir\u00e7ok end\u00fcstriyel kurulu\u015fa yay \u00fcretimi yaparak hizmet vermekteyiz. Kurumsal<\/p>\n","protected":false},"author":1,"featured_media":0,"parent":0,"menu_order":0,"comment_status":"closed","ping_status":"closed","template":"","meta":{"_acf_changed":false,"footnotes":""},"class_list":["post-1583","page","type-page","status-publish","hentry"],"acf":[],"yoast_head":"<!-- This site is optimized with the Yoast SEO plugin v27.1.1 - https:\/\/yoast.com\/product\/yoast-seo-wordpress\/ -->\n<title>Kurumsal - Ko\u00e7 Yay<\/title>\n<meta name=\"description\" content=\"KO\u00c7 YAY, 2012 y\u0131l\u0131nda Konya Bey\u015fehir \u00dcz\u00fcml\u00fc de kurulmu\u015ftur. 2012 y\u0131l\u0131ndan 2020 y\u0131l\u0131na kadar 250 m\u00b2 alanda(Ko\u00e7 Yay Hakk\u0131m\u0131zda Kurumsal)...\" \/>\n<meta name=\"robots\" content=\"index, follow, max-snippet:-1, max-image-preview:large, max-video-preview:-1\" \/>\n<link rel=\"canonical\" href=\"https:\/\/kocyay.com\/tr\/kurumsal\/\" \/>\n<meta property=\"og:locale\" content=\"tr_TR\" \/>\n<meta property=\"og:type\" content=\"article\" \/>\n<meta property=\"og:title\" content=\"Kurumsal - Ko\u00e7 Yay\" \/>\n<meta property=\"og:description\" content=\"KO\u00c7 YAY, 2012 y\u0131l\u0131nda Konya Bey\u015fehir \u00dcz\u00fcml\u00fc de kurulmu\u015ftur. 2012 y\u0131l\u0131ndan 2020 y\u0131l\u0131na kadar 250 m\u00b2 alanda(Ko\u00e7 Yay Hakk\u0131m\u0131zda Kurumsal)...\" \/>\n<meta property=\"og:url\" content=\"https:\/\/kocyay.com\/tr\/kurumsal\/\" \/>\n<meta property=\"og:site_name\" content=\"Ko\u00e7 Yay\" \/>\n<meta property=\"article:publisher\" content=\"https:\/\/www.facebook.com\/KOCYAY42\/\" \/>\n<meta property=\"article:modified_time\" content=\"2021-12-15T06:01:33+00:00\" \/>\n<meta property=\"og:image\" content=\"http:\/\/kocyay.com\/tr\/wp-content\/uploads\/2021\/12\/about-resim-300x200.jpg\" \/>\n<meta name=\"twitter:card\" content=\"summary_large_image\" \/>\n<meta name=\"twitter:label1\" content=\"Tahmini okuma s\u00fcresi\" \/>\n\t<meta name=\"twitter:data1\" content=\"1 dakika\" \/>\n<script type=\"application\/ld+json\" class=\"yoast-schema-graph\">{\"@context\":\"https:\/\/schema.org\",\"@graph\":[{\"@type\":\"WebPage\",\"@id\":\"https:\/\/kocyay.com\/tr\/kurumsal\/\",\"url\":\"https:\/\/kocyay.com\/tr\/kurumsal\/\",\"name\":\"Kurumsal - Ko\u00e7 Yay\",\"isPartOf\":{\"@id\":\"https:\/\/kocyay.com\/tr\/#website\"},\"primaryImageOfPage\":{\"@id\":\"https:\/\/kocyay.com\/tr\/kurumsal\/#primaryimage\"},\"image\":{\"@id\":\"https:\/\/kocyay.com\/tr\/kurumsal\/#primaryimage\"},\"thumbnailUrl\":\"http:\/\/kocyay.com\/tr\/wp-content\/uploads\/2021\/12\/about-resim-300x200.jpg\",\"datePublished\":\"2021-12-06T14:58:00+00:00\",\"dateModified\":\"2021-12-15T06:01:33+00:00\",\"description\":\"KO\u00c7 YAY, 2012 y\u0131l\u0131nda Konya Bey\u015fehir \u00dcz\u00fcml\u00fc de kurulmu\u015ftur. 2012 y\u0131l\u0131ndan 2020 y\u0131l\u0131na kadar 250 m\u00b2 alanda(Ko\u00e7 Yay Hakk\u0131m\u0131zda Kurumsal)...\",\"breadcrumb\":{\"@id\":\"https:\/\/kocyay.com\/tr\/kurumsal\/#breadcrumb\"},\"inLanguage\":\"tr\",\"potentialAction\":[{\"@type\":\"ReadAction\",\"target\":[\"https:\/\/kocyay.com\/tr\/kurumsal\/\"]}]},{\"@type\":\"ImageObject\",\"inLanguage\":\"tr\",\"@id\":\"https:\/\/kocyay.com\/tr\/kurumsal\/#primaryimage\",\"url\":\"http:\/\/kocyay.com\/tr\/wp-content\/uploads\/2021\/12\/about-resim-300x200.jpg\",\"contentUrl\":\"http:\/\/kocyay.com\/tr\/wp-content\/uploads\/2021\/12\/about-resim-300x200.jpg\"},{\"@type\":\"BreadcrumbList\",\"@id\":\"https:\/\/kocyay.com\/tr\/kurumsal\/#breadcrumb\",\"itemListElement\":[{\"@type\":\"ListItem\",\"position\":1,\"name\":\"Anasayfa\",\"item\":\"https:\/\/kocyay.com\/tr\/\"},{\"@type\":\"ListItem\",\"position\":2,\"name\":\"Kurumsal\"}]},{\"@type\":\"WebSite\",\"@id\":\"https:\/\/kocyay.com\/tr\/#website\",\"url\":\"https:\/\/kocyay.com\/tr\/\",\"name\":\"Ko\u00e7 Yay\",\"description\":\"Yaya Dair Her \u015eey\",\"publisher\":{\"@id\":\"https:\/\/kocyay.com\/tr\/#organization\"},\"potentialAction\":[{\"@type\":\"SearchAction\",\"target\":{\"@type\":\"EntryPoint\",\"urlTemplate\":\"https:\/\/kocyay.com\/tr\/?s={search_term_string}\"},\"query-input\":{\"@type\":\"PropertyValueSpecification\",\"valueRequired\":true,\"valueName\":\"search_term_string\"}}],\"inLanguage\":\"tr\"},{\"@type\":\"Organization\",\"@id\":\"https:\/\/kocyay.com\/tr\/#organization\",\"name\":\"Ko\u00e7 Yay\",\"url\":\"https:\/\/kocyay.com\/tr\/\",\"logo\":{\"@type\":\"ImageObject\",\"inLanguage\":\"tr\",\"@id\":\"https:\/\/kocyay.com\/tr\/#\/schema\/logo\/image\/\",\"url\":\"https:\/\/kocyay.com\/tr\/wp-content\/uploads\/2021\/12\/logo.jpg\",\"contentUrl\":\"https:\/\/kocyay.com\/tr\/wp-content\/uploads\/2021\/12\/logo.jpg\",\"width\":1280,\"height\":1024,\"caption\":\"Ko\u00e7 Yay\"},\"image\":{\"@id\":\"https:\/\/kocyay.com\/tr\/#\/schema\/logo\/image\/\"},\"sameAs\":[\"https:\/\/www.facebook.com\/KOCYAY42\/\"]}]}<\/script>\n<!-- \/ Yoast SEO plugin. -->","yoast_head_json":{"title":"Kurumsal - Ko\u00e7 Yay","description":"KO\u00c7 YAY, 2012 y\u0131l\u0131nda Konya Bey\u015fehir \u00dcz\u00fcml\u00fc de kurulmu\u015ftur. 2012 y\u0131l\u0131ndan 2020 y\u0131l\u0131na kadar 250 m\u00b2 alanda(Ko\u00e7 Yay Hakk\u0131m\u0131zda Kurumsal)...","robots":{"index":"index","follow":"follow","max-snippet":"max-snippet:-1","max-image-preview":"max-image-preview:large","max-video-preview":"max-video-preview:-1"},"canonical":"https:\/\/kocyay.com\/tr\/kurumsal\/","og_locale":"tr_TR","og_type":"article","og_title":"Kurumsal - Ko\u00e7 Yay","og_description":"KO\u00c7 YAY, 2012 y\u0131l\u0131nda Konya Bey\u015fehir \u00dcz\u00fcml\u00fc de kurulmu\u015ftur. 2012 y\u0131l\u0131ndan 2020 y\u0131l\u0131na kadar 250 m\u00b2 alanda(Ko\u00e7 Yay Hakk\u0131m\u0131zda Kurumsal)...","og_url":"https:\/\/kocyay.com\/tr\/kurumsal\/","og_site_name":"Ko\u00e7 Yay","article_publisher":"https:\/\/www.facebook.com\/KOCYAY42\/","article_modified_time":"2021-12-15T06:01:33+00:00","og_image":[{"url":"http:\/\/kocyay.com\/tr\/wp-content\/uploads\/2021\/12\/about-resim-300x200.jpg","type":"","width":"","height":""}],"twitter_card":"summary_large_image","twitter_misc":{"Tahmini okuma s\u00fcresi":"1 dakika"},"schema":{"@context":"https:\/\/schema.org","@graph":[{"@type":"WebPage","@id":"https:\/\/kocyay.com\/tr\/kurumsal\/","url":"https:\/\/kocyay.com\/tr\/kurumsal\/","name":"Kurumsal - Ko\u00e7 Yay","isPartOf":{"@id":"https:\/\/kocyay.com\/tr\/#website"},"primaryImageOfPage":{"@id":"https:\/\/kocyay.com\/tr\/kurumsal\/#primaryimage"},"image":{"@id":"https:\/\/kocyay.com\/tr\/kurumsal\/#primaryimage"},"thumbnailUrl":"http:\/\/kocyay.com\/tr\/wp-content\/uploads\/2021\/12\/about-resim-300x200.jpg","datePublished":"2021-12-06T14:58:00+00:00","dateModified":"2021-12-15T06:01:33+00:00","description":"KO\u00c7 YAY, 2012 y\u0131l\u0131nda Konya Bey\u015fehir \u00dcz\u00fcml\u00fc de kurulmu\u015ftur. 2012 y\u0131l\u0131ndan 2020 y\u0131l\u0131na kadar 250 m\u00b2 alanda(Ko\u00e7 Yay Hakk\u0131m\u0131zda Kurumsal)...","breadcrumb":{"@id":"https:\/\/kocyay.com\/tr\/kurumsal\/#breadcrumb"},"inLanguage":"tr","potentialAction":[{"@type":"ReadAction","target":["https:\/\/kocyay.com\/tr\/kurumsal\/"]}]},{"@type":"ImageObject","inLanguage":"tr","@id":"https:\/\/kocyay.com\/tr\/kurumsal\/#primaryimage","url":"http:\/\/kocyay.com\/tr\/wp-content\/uploads\/2021\/12\/about-resim-300x200.jpg","contentUrl":"http:\/\/kocyay.com\/tr\/wp-content\/uploads\/2021\/12\/about-resim-300x200.jpg"},{"@type":"BreadcrumbList","@id":"https:\/\/kocyay.com\/tr\/kurumsal\/#breadcrumb","itemListElement":[{"@type":"ListItem","position":1,"name":"Anasayfa","item":"https:\/\/kocyay.com\/tr\/"},{"@type":"ListItem","position":2,"name":"Kurumsal"}]},{"@type":"WebSite","@id":"https:\/\/kocyay.com\/tr\/#website","url":"https:\/\/kocyay.com\/tr\/","name":"Ko\u00e7 Yay","description":"Yaya Dair Her \u015eey","publisher":{"@id":"https:\/\/kocyay.com\/tr\/#organization"},"potentialAction":[{"@type":"SearchAction","target":{"@type":"EntryPoint","urlTemplate":"https:\/\/kocyay.com\/tr\/?s={search_term_string}"},"query-input":{"@type":"PropertyValueSpecification","valueRequired":true,"valueName":"search_term_string"}}],"inLanguage":"tr"},{"@type":"Organization","@id":"https:\/\/kocyay.com\/tr\/#organization","name":"Ko\u00e7 Yay","url":"https:\/\/kocyay.com\/tr\/","logo":{"@type":"ImageObject","inLanguage":"tr","@id":"https:\/\/kocyay.com\/tr\/#\/schema\/logo\/image\/","url":"https:\/\/kocyay.com\/tr\/wp-content\/uploads\/2021\/12\/logo.jpg","contentUrl":"https:\/\/kocyay.com\/tr\/wp-content\/uploads\/2021\/12\/logo.jpg","width":1280,"height":1024,"caption":"Ko\u00e7 Yay"},"image":{"@id":"https:\/\/kocyay.com\/tr\/#\/schema\/logo\/image\/"},"sameAs":["https:\/\/www.facebook.com\/KOCYAY42\/"]}]}},"_links":{"self":[{"href":"https:\/\/kocyay.com\/tr\/wp-json\/wp\/v2\/pages\/1583","targetHints":{"allow":["GET"]}}],"collection":[{"href":"https:\/\/kocyay.com\/tr\/wp-json\/wp\/v2\/pages"}],"about":[{"href":"https:\/\/kocyay.com\/tr\/wp-json\/wp\/v2\/types\/page"}],"author":[{"embeddable":true,"href":"https:\/\/kocyay.com\/tr\/wp-json\/wp\/v2\/users\/1"}],"replies":[{"embeddable":true,"href":"https:\/\/kocyay.com\/tr\/wp-json\/wp\/v2\/comments?post=1583"}],"version-history":[{"count":6,"href":"https:\/\/kocyay.com\/tr\/wp-json\/wp\/v2\/pages\/1583\/revisions"}],"predecessor-version":[{"id":1607,"href":"https:\/\/kocyay.com\/tr\/wp-json\/wp\/v2\/pages\/1583\/revisions\/1607"}],"wp:attachment":[{"href":"https:\/\/kocyay.com\/tr\/wp-json\/wp\/v2\/media?parent=1583"}],"curies":[{"name":"wp","href":"https:\/\/api.w.org\/{rel}","templated":true}]}}