{"id":1461,"date":"2021-11-30T14:10:43","date_gmt":"2021-11-30T11:10:43","guid":{"rendered":"https:\/\/kocyay.com\/tr\/?page_id=1461"},"modified":"2021-12-15T08:57:48","modified_gmt":"2021-12-15T05:57:48","slug":"baski-yaylar","status":"publish","type":"page","link":"https:\/\/kocyay.com\/tr\/baski-yaylar\/","title":{"rendered":"Bask\u0131 Yaylar"},"content":{"rendered":"<p>Ko\u00e7 Yay Bask\u0131 Yaylar<\/p>\n<p>Ko\u00e7 Yay tesislerimizde, en son ileri teknoloji CNC tezg\u00e2hlar ile her t\u00fcrl\u00fc end\u00fcstriyel uygulamalar yap\u0131lmaktad\u0131r.\u00a0 Firmam\u0131zda 0,15mm\u2019den 6mm tel \u00e7ap\u0131na kadar, so\u011fuk sar\u0131ml\u0131 basma yaylar vb. yaylar olarak \u00fcretim yap\u0131lmaktad\u0131r.<\/p>\n<p>Ba\u015fta Av T\u00fcfe\u011fi olmak \u00fczere, makine ve ekipmanlar\u0131, savunma sanayileri ile beyaz e\u015fya, oyuncak sanayi ve daha bir\u00e7ok end\u00fcstriyel kurulu\u015fa yay \u00fcretimi yaparak hizmet vermekteyiz.<\/p>\n<p><img loading=\"lazy\" decoding=\"async\" class=\"alignnone size-medium wp-image-1472\" src=\"http:\/\/kocyay.com\/tr\/wp-content\/uploads\/2021\/12\/baski-yay-300x227.png\" alt=\"baski-yay\" width=\"300\" height=\"227\" srcset=\"https:\/\/kocyay.com\/tr\/wp-content\/uploads\/2021\/12\/baski-yay-300x227.png 300w, https:\/\/kocyay.com\/tr\/wp-content\/uploads\/2021\/12\/baski-yay-139x105.png 139w, https:\/\/kocyay.com\/tr\/wp-content\/uploads\/2021\/12\/baski-yay.png 613w\" sizes=\"auto, (max-width: 300px) 100vw, 300px\" \/><\/p>\n<p><a href=\"https:\/\/www.multiyazilim.com\/\">https:\/\/www.multiyazilim.com\/<\/a><\/p>\n<p><a href=\"https:\/\/kocyay.com\/tr\/baski-yaylar\/\">Bask\u0131 Yaylar<\/a><\/p>\n","protected":false},"excerpt":{"rendered":"<p>Ko\u00e7 Yay Bask\u0131 Yaylar Ko\u00e7 Yay tesislerimizde, en son ileri teknoloji CNC tezg\u00e2hlar ile her t\u00fcrl\u00fc end\u00fcstriyel uygulamalar yap\u0131lmaktad\u0131r.\u00a0 Firmam\u0131zda 0,15mm\u2019den 6mm tel \u00e7ap\u0131na kadar, so\u011fuk sar\u0131ml\u0131 basma yaylar vb. yaylar olarak \u00fcretim yap\u0131lmaktad\u0131r. Ba\u015fta Av T\u00fcfe\u011fi olmak \u00fczere, makine ve ekipmanlar\u0131, savunma sanayileri ile beyaz e\u015fya, oyuncak sanayi ve daha bir\u00e7ok end\u00fcstriyel kurulu\u015fa yay \u00fcretimi yaparak hizmet vermekteyiz. https:\/\/www.multiyazilim.com\/ Bask\u0131 Yaylar<\/p>\n","protected":false},"author":1,"featured_media":0,"parent":0,"menu_order":0,"comment_status":"closed","ping_status":"closed","template":"","meta":{"_acf_changed":false,"footnotes":""},"class_list":["post-1461","page","type-page","status-publish","hentry"],"acf":[],"yoast_head":"<!-- This site is optimized with the Yoast SEO plugin v27.1.1 - https:\/\/yoast.com\/product\/yoast-seo-wordpress\/ -->\n<title>Ko\u00e7 Yay - Bask\u0131 Yaylar<\/title>\n<meta name=\"description\" content=\"Ko\u00e7 Yay firmam\u0131z taraf\u0131ndan en son ileri teknoloji CNC tezg\u00e2hlar ile bask\u0131 yaylar\u0131m\u0131z \u00fcretilmektedir...(Ko\u00e7 Yay Bask\u0131 Yaylar)\" \/>\n<meta name=\"robots\" content=\"index, follow, max-snippet:-1, max-image-preview:large, max-video-preview:-1\" \/>\n<link rel=\"canonical\" href=\"https:\/\/kocyay.com\/tr\/baski-yaylar\/\" \/>\n<meta property=\"og:locale\" content=\"tr_TR\" \/>\n<meta property=\"og:type\" content=\"article\" \/>\n<meta property=\"og:title\" content=\"Ko\u00e7 Yay - Bask\u0131 Yaylar\" \/>\n<meta property=\"og:description\" content=\"Ko\u00e7 Yay firmam\u0131z taraf\u0131ndan en son ileri teknoloji CNC tezg\u00e2hlar ile bask\u0131 yaylar\u0131m\u0131z \u00fcretilmektedir...(Ko\u00e7 Yay Bask\u0131 Yaylar)\" \/>\n<meta property=\"og:url\" content=\"https:\/\/kocyay.com\/tr\/baski-yaylar\/\" \/>\n<meta property=\"og:site_name\" content=\"Ko\u00e7 Yay\" \/>\n<meta property=\"article:publisher\" content=\"https:\/\/www.facebook.com\/KOCYAY42\/\" \/>\n<meta property=\"article:modified_time\" content=\"2021-12-15T05:57:48+00:00\" \/>\n<meta property=\"og:image\" content=\"http:\/\/kocyay.com\/tr\/wp-content\/uploads\/2021\/12\/baski-yay-300x227.png\" \/>\n<meta name=\"twitter:card\" content=\"summary_large_image\" \/>\n<meta name=\"twitter:label1\" content=\"Tahmini okuma s\u00fcresi\" \/>\n\t<meta name=\"twitter:data1\" content=\"1 dakika\" \/>\n<script type=\"application\/ld+json\" class=\"yoast-schema-graph\">{\"@context\":\"https:\/\/schema.org\",\"@graph\":[{\"@type\":\"WebPage\",\"@id\":\"https:\/\/kocyay.com\/tr\/baski-yaylar\/\",\"url\":\"https:\/\/kocyay.com\/tr\/baski-yaylar\/\",\"name\":\"Ko\u00e7 Yay - Bask\u0131 Yaylar\",\"isPartOf\":{\"@id\":\"https:\/\/kocyay.com\/tr\/#website\"},\"primaryImageOfPage\":{\"@id\":\"https:\/\/kocyay.com\/tr\/baski-yaylar\/#primaryimage\"},\"image\":{\"@id\":\"https:\/\/kocyay.com\/tr\/baski-yaylar\/#primaryimage\"},\"thumbnailUrl\":\"http:\/\/kocyay.com\/tr\/wp-content\/uploads\/2021\/12\/baski-yay-300x227.png\",\"datePublished\":\"2021-11-30T11:10:43+00:00\",\"dateModified\":\"2021-12-15T05:57:48+00:00\",\"description\":\"Ko\u00e7 Yay firmam\u0131z taraf\u0131ndan en son ileri teknoloji CNC tezg\u00e2hlar ile bask\u0131 yaylar\u0131m\u0131z \u00fcretilmektedir...(Ko\u00e7 Yay Bask\u0131 Yaylar)\",\"breadcrumb\":{\"@id\":\"https:\/\/kocyay.com\/tr\/baski-yaylar\/#breadcrumb\"},\"inLanguage\":\"tr\",\"potentialAction\":[{\"@type\":\"ReadAction\",\"target\":[\"https:\/\/kocyay.com\/tr\/baski-yaylar\/\"]}]},{\"@type\":\"ImageObject\",\"inLanguage\":\"tr\",\"@id\":\"https:\/\/kocyay.com\/tr\/baski-yaylar\/#primaryimage\",\"url\":\"https:\/\/kocyay.com\/tr\/wp-content\/uploads\/2021\/12\/baski-yay.png\",\"contentUrl\":\"https:\/\/kocyay.com\/tr\/wp-content\/uploads\/2021\/12\/baski-yay.png\",\"width\":613,\"height\":464},{\"@type\":\"BreadcrumbList\",\"@id\":\"https:\/\/kocyay.com\/tr\/baski-yaylar\/#breadcrumb\",\"itemListElement\":[{\"@type\":\"ListItem\",\"position\":1,\"name\":\"Anasayfa\",\"item\":\"https:\/\/kocyay.com\/tr\/\"},{\"@type\":\"ListItem\",\"position\":2,\"name\":\"Bask\u0131 Yaylar\"}]},{\"@type\":\"WebSite\",\"@id\":\"https:\/\/kocyay.com\/tr\/#website\",\"url\":\"https:\/\/kocyay.com\/tr\/\",\"name\":\"Ko\u00e7 Yay\",\"description\":\"Yaya Dair Her \u015eey\",\"publisher\":{\"@id\":\"https:\/\/kocyay.com\/tr\/#organization\"},\"potentialAction\":[{\"@type\":\"SearchAction\",\"target\":{\"@type\":\"EntryPoint\",\"urlTemplate\":\"https:\/\/kocyay.com\/tr\/?s={search_term_string}\"},\"query-input\":{\"@type\":\"PropertyValueSpecification\",\"valueRequired\":true,\"valueName\":\"search_term_string\"}}],\"inLanguage\":\"tr\"},{\"@type\":\"Organization\",\"@id\":\"https:\/\/kocyay.com\/tr\/#organization\",\"name\":\"Ko\u00e7 Yay\",\"url\":\"https:\/\/kocyay.com\/tr\/\",\"logo\":{\"@type\":\"ImageObject\",\"inLanguage\":\"tr\",\"@id\":\"https:\/\/kocyay.com\/tr\/#\/schema\/logo\/image\/\",\"url\":\"https:\/\/kocyay.com\/tr\/wp-content\/uploads\/2021\/12\/logo.jpg\",\"contentUrl\":\"https:\/\/kocyay.com\/tr\/wp-content\/uploads\/2021\/12\/logo.jpg\",\"width\":1280,\"height\":1024,\"caption\":\"Ko\u00e7 Yay\"},\"image\":{\"@id\":\"https:\/\/kocyay.com\/tr\/#\/schema\/logo\/image\/\"},\"sameAs\":[\"https:\/\/www.facebook.com\/KOCYAY42\/\"]}]}<\/script>\n<!-- \/ Yoast SEO plugin. -->","yoast_head_json":{"title":"Ko\u00e7 Yay - Bask\u0131 Yaylar","description":"Ko\u00e7 Yay firmam\u0131z taraf\u0131ndan en son ileri teknoloji CNC tezg\u00e2hlar ile bask\u0131 yaylar\u0131m\u0131z \u00fcretilmektedir...(Ko\u00e7 Yay Bask\u0131 Yaylar)","robots":{"index":"index","follow":"follow","max-snippet":"max-snippet:-1","max-image-preview":"max-image-preview:large","max-video-preview":"max-video-preview:-1"},"canonical":"https:\/\/kocyay.com\/tr\/baski-yaylar\/","og_locale":"tr_TR","og_type":"article","og_title":"Ko\u00e7 Yay - Bask\u0131 Yaylar","og_description":"Ko\u00e7 Yay firmam\u0131z taraf\u0131ndan en son ileri teknoloji CNC tezg\u00e2hlar ile bask\u0131 yaylar\u0131m\u0131z \u00fcretilmektedir...(Ko\u00e7 Yay Bask\u0131 Yaylar)","og_url":"https:\/\/kocyay.com\/tr\/baski-yaylar\/","og_site_name":"Ko\u00e7 Yay","article_publisher":"https:\/\/www.facebook.com\/KOCYAY42\/","article_modified_time":"2021-12-15T05:57:48+00:00","og_image":[{"url":"http:\/\/kocyay.com\/tr\/wp-content\/uploads\/2021\/12\/baski-yay-300x227.png","type":"","width":"","height":""}],"twitter_card":"summary_large_image","twitter_misc":{"Tahmini okuma s\u00fcresi":"1 dakika"},"schema":{"@context":"https:\/\/schema.org","@graph":[{"@type":"WebPage","@id":"https:\/\/kocyay.com\/tr\/baski-yaylar\/","url":"https:\/\/kocyay.com\/tr\/baski-yaylar\/","name":"Ko\u00e7 Yay - Bask\u0131 Yaylar","isPartOf":{"@id":"https:\/\/kocyay.com\/tr\/#website"},"primaryImageOfPage":{"@id":"https:\/\/kocyay.com\/tr\/baski-yaylar\/#primaryimage"},"image":{"@id":"https:\/\/kocyay.com\/tr\/baski-yaylar\/#primaryimage"},"thumbnailUrl":"http:\/\/kocyay.com\/tr\/wp-content\/uploads\/2021\/12\/baski-yay-300x227.png","datePublished":"2021-11-30T11:10:43+00:00","dateModified":"2021-12-15T05:57:48+00:00","description":"Ko\u00e7 Yay firmam\u0131z taraf\u0131ndan en son ileri teknoloji CNC tezg\u00e2hlar ile bask\u0131 yaylar\u0131m\u0131z \u00fcretilmektedir...(Ko\u00e7 Yay Bask\u0131 Yaylar)","breadcrumb":{"@id":"https:\/\/kocyay.com\/tr\/baski-yaylar\/#breadcrumb"},"inLanguage":"tr","potentialAction":[{"@type":"ReadAction","target":["https:\/\/kocyay.com\/tr\/baski-yaylar\/"]}]},{"@type":"ImageObject","inLanguage":"tr","@id":"https:\/\/kocyay.com\/tr\/baski-yaylar\/#primaryimage","url":"https:\/\/kocyay.com\/tr\/wp-content\/uploads\/2021\/12\/baski-yay.png","contentUrl":"https:\/\/kocyay.com\/tr\/wp-content\/uploads\/2021\/12\/baski-yay.png","width":613,"height":464},{"@type":"BreadcrumbList","@id":"https:\/\/kocyay.com\/tr\/baski-yaylar\/#breadcrumb","itemListElement":[{"@type":"ListItem","position":1,"name":"Anasayfa","item":"https:\/\/kocyay.com\/tr\/"},{"@type":"ListItem","position":2,"name":"Bask\u0131 Yaylar"}]},{"@type":"WebSite","@id":"https:\/\/kocyay.com\/tr\/#website","url":"https:\/\/kocyay.com\/tr\/","name":"Ko\u00e7 Yay","description":"Yaya Dair Her \u015eey","publisher":{"@id":"https:\/\/kocyay.com\/tr\/#organization"},"potentialAction":[{"@type":"SearchAction","target":{"@type":"EntryPoint","urlTemplate":"https:\/\/kocyay.com\/tr\/?s={search_term_string}"},"query-input":{"@type":"PropertyValueSpecification","valueRequired":true,"valueName":"search_term_string"}}],"inLanguage":"tr"},{"@type":"Organization","@id":"https:\/\/kocyay.com\/tr\/#organization","name":"Ko\u00e7 Yay","url":"https:\/\/kocyay.com\/tr\/","logo":{"@type":"ImageObject","inLanguage":"tr","@id":"https:\/\/kocyay.com\/tr\/#\/schema\/logo\/image\/","url":"https:\/\/kocyay.com\/tr\/wp-content\/uploads\/2021\/12\/logo.jpg","contentUrl":"https:\/\/kocyay.com\/tr\/wp-content\/uploads\/2021\/12\/logo.jpg","width":1280,"height":1024,"caption":"Ko\u00e7 Yay"},"image":{"@id":"https:\/\/kocyay.com\/tr\/#\/schema\/logo\/image\/"},"sameAs":["https:\/\/www.facebook.com\/KOCYAY42\/"]}]}},"_links":{"self":[{"href":"https:\/\/kocyay.com\/tr\/wp-json\/wp\/v2\/pages\/1461","targetHints":{"allow":["GET"]}}],"collection":[{"href":"https:\/\/kocyay.com\/tr\/wp-json\/wp\/v2\/pages"}],"about":[{"href":"https:\/\/kocyay.com\/tr\/wp-json\/wp\/v2\/types\/page"}],"author":[{"embeddable":true,"href":"https:\/\/kocyay.com\/tr\/wp-json\/wp\/v2\/users\/1"}],"replies":[{"embeddable":true,"href":"https:\/\/kocyay.com\/tr\/wp-json\/wp\/v2\/comments?post=1461"}],"version-history":[{"count":8,"href":"https:\/\/kocyay.com\/tr\/wp-json\/wp\/v2\/pages\/1461\/revisions"}],"predecessor-version":[{"id":1622,"href":"https:\/\/kocyay.com\/tr\/wp-json\/wp\/v2\/pages\/1461\/revisions\/1622"}],"wp:attachment":[{"href":"https:\/\/kocyay.com\/tr\/wp-json\/wp\/v2\/media?parent=1461"}],"curies":[{"name":"wp","href":"https:\/\/api.w.org\/{rel}","templated":true}]}}